{"id":4595,"date":"2021-11-19T14:28:12","date_gmt":"2021-11-19T19:28:12","guid":{"rendered":"https:\/\/legacywise.org\/?page_id=4595"},"modified":"2022-01-19T15:19:05","modified_gmt":"2022-01-19T20:19:05","slug":"get-started","status":"publish","type":"page","link":"https:\/\/www.legacywise.org\/es\/get-started\/","title":{"rendered":"EMPEZAR"},"content":{"rendered":"<p><div class=\"fusion-fullwidth fullwidth-box fusion-builder-row-1 hundred-percent-fullwidth non-hundred-percent-height-scrolling\" style=\"background-color: rgba(255,255,255,0);background-position: left top;background-repeat: no-repeat;padding-top:0px;padding-right:0px;padding-bottom:20px;padding-left:0px;margin-bottom: 0px;margin-top: 0px;border-width: 0px 0px 0px 0px;border-color:#eae9e9;border-style:solid;\" ><div class=\"fusion-builder-row fusion-row\"><div class=\"fusion-layout-column fusion_builder_column fusion-builder-column-0 fusion_builder_column_1_1 1_1 fusion-one-full fusion-column-first fusion-column-last\" style=\"margin-top:-50px;margin-bottom:-20px;\"><div class=\"fusion-column-wrapper fusion-flex-column-wrapper-legacy\" style=\"background-position:left top;background-repeat:no-repeat;-webkit-background-size:cover;-moz-background-size:cover;-o-background-size:cover;background-size:cover;padding: 0px 0px 0px 0px;\"><span class=\"fusion-imageframe imageframe-none imageframe-1 hover-type-none\" style=\"margin-top:0px;margin-right:0px;margin-bottom:0px;margin-left:0px;\"><img decoding=\"async\" width=\"1852\" height=\"675\" title=\"LW_AdvisoryCoucil\" src=\"https:\/\/legacywise.org\/wp-content\/uploads\/2021\/11\/LW_AdvisoryCoucil.jpg\" class=\"img-responsive wp-image-4686\" srcset=\"https:\/\/www.legacywise.org\/wp-content\/uploads\/2021\/11\/LW_AdvisoryCoucil-200x73.jpg 200w, https:\/\/www.legacywise.org\/wp-content\/uploads\/2021\/11\/LW_AdvisoryCoucil-400x146.jpg 400w, https:\/\/www.legacywise.org\/wp-content\/uploads\/2021\/11\/LW_AdvisoryCoucil-600x219.jpg 600w, https:\/\/www.legacywise.org\/wp-content\/uploads\/2021\/11\/LW_AdvisoryCoucil-800x292.jpg 800w, https:\/\/www.legacywise.org\/wp-content\/uploads\/2021\/11\/LW_AdvisoryCoucil-1200x437.jpg 1200w, https:\/\/www.legacywise.org\/wp-content\/uploads\/2021\/11\/LW_AdvisoryCoucil.jpg 1852w\" sizes=\"(max-width: 800px) 100vw, 1200px\" \/><\/span><div class=\"fusion-clearfix\"><\/div><\/div><\/div><\/div><\/div><div class=\"fusion-fullwidth fullwidth-box fusion-builder-row-2 fusion-flex-container nonhundred-percent-fullwidth non-hundred-percent-height-scrolling\" style=\"background-color: rgba(255,255,255,0);background-position: center center;background-repeat: no-repeat;border-width: 0px 0px 0px 0px;border-color:#eae9e9;border-style:solid;\" ><div class=\"fusion-builder-row fusion-row fusion-flex-align-items-flex-start\" style=\"max-width:1144px;margin-left: calc(-4% \/ 2 );margin-right: calc(-4% \/ 2 );\"><div class=\"fusion-layout-column fusion_builder_column fusion-builder-column-1 fusion_builder_column_1_1 1_1 fusion-flex-column\"><div class=\"fusion-column-wrapper fusion-flex-justify-content-flex-start fusion-content-layout-column\" style=\"background-position:left top;background-repeat:no-repeat;-webkit-background-size:cover;-moz-background-size:cover;-o-background-size:cover;background-size:cover;padding: 0px 0px 0px 0px;\"><div class=\"fusion-text fusion-text-1\"><h3 class=\"fusion-responsive-typography-calculated\" style=\"--fontsize: 28; line-height: 1.2;\" data-fontsize=\"28\" data-lineheight=\"33.6px\">Como profesional, quieres ayudar a m\u00e1s personas.<\/h3>\n<p>Pero algunos se ponen nerviosos con los abogados, ansiosos con el proceso de planificaci\u00f3n o no pueden afrontar los costos. Unirse a la red de profesionales de la firma de LegacyWise puede ayudar a llegar a m\u00e1s personas y derribar barreras del pasado. Por sus servicios para ayudar a las personas a firmar sus documentos LegacyWise, obtendr\u00e1 acceso a referencias en su \u00e1rea. Los usuarios de LegacyWise ya habr\u00e1n completado sus documentos a trav\u00e9s de nuestro programa; No es necesario ser un experto en patrimonio para participar. Y, si bien se requiere que su testigo y su firma sean gratuitos, cualquier servicio adicional que ofrezca puede tener tarifas razonables que usted establezca.<\/p>\n<p>Abogados, asistentes legales, notarios p\u00fablicos y agentes firmantes: <a href=\"\/es\/contact-us\/\" target=\"_blank\" rel=\"noopener noreferrer\"><u><b>CONTACT US TO LEARN MORE<\/b><\/u><\/a> about our system and how you can help!<\/p>\n<\/div><div class=\"fusion-separator fusion-full-width-sep\" style=\"align-self: center;margin-left: auto;margin-right: auto;width:100%;\"><div class=\"fusion-separator-border sep-single sep-dotted\" style=\"border-color:#e0dede;border-top-width:3px;\"><\/div><\/div><\/div><\/div><style type=\"text\/css\">.fusion-body .fusion-builder-column-1{width:100% !important;margin-top : 0px;margin-bottom : 20px;}.fusion-builder-column-1 > .fusion-column-wrapper {padding-top : 0px !important;padding-right : 0px !important;margin-right : 1.92%;padding-bottom : 0px !important;padding-left : 0px !important;margin-left : 1.92%;}@media only screen and (max-width:1024px) {.fusion-body .fusion-builder-column-1{width:100% !important;order : 0;}.fusion-builder-column-1 > .fusion-column-wrapper {margin-right : 1.92%;margin-left : 1.92%;}}@media only screen and (max-width:640px) {.fusion-body .fusion-builder-column-1{width:100% !important;order : 0;}.fusion-builder-column-1 > .fusion-column-wrapper {margin-right : 1.92%;margin-left : 1.92%;}}<\/style><\/div><style type=\"text\/css\">.fusion-body .fusion-flex-container.fusion-builder-row-2{ padding-top : 0px;margin-top : 0px;padding-right : 0px;padding-bottom : 0px;margin-bottom : 0px;padding-left : 0px;}<\/style><\/div><div class=\"fusion-fullwidth fullwidth-box fusion-builder-row-3 nonhundred-percent-fullwidth non-hundred-percent-height-scrolling fusion-equal-height-columns\" style=\"background-color: rgba(255,255,255,0);background-position: center center;background-repeat: no-repeat;padding-top:50px;padding-right:0px;padding-bottom:57px;padding-left:0px;margin-bottom: 0px;margin-top: 0px;border-width: 0px 0px 0px 0px;border-color:#eae9e9;border-style:solid;\" ><div class=\"fusion-builder-row fusion-row\"><div class=\"fusion-layout-column fusion_builder_column fusion-builder-column-2 fusion_builder_column_1_3 1_3 fusion-one-third fusion-column-first fusion-column-inner-bg-wrapper\" style=\"width:33.333333333333%;width:calc(33.333333333333% - ( ( 30px + 30px ) * 0.33333333333333 ) );margin-right: 30px;margin-top:0px;margin-bottom:0px;\"><div class=\"fusion-column-wrapper fusion-column-has-shadow fusion-flex-column-wrapper-legacy\" style=\"border-width: 3px 3px 3px 3px;border-color:#ffffff;border-style:solid;box-shadow:7px 7px 17px 0px #707070;;padding: 0% 0px 0% 0px;\"><div class=\"fusion-text fusion-text-2\"><p style=\"text-align: center; margin-bottom: 0px; border-bottom: 3px solid white; padding: 5px; font-size: 28px; color: #fff; background: linear-gradient(90deg, rgba(16,57,6,1) 0%, rgba(63,121,40,1) 100%);\" data-fusion-font=\"true\">CONT\u00c1CTANOS<\/p>\n<\/div><span class=\"fusion-imageframe imageframe-none imageframe-2 hover-type-none\"><img decoding=\"async\" width=\"1000\" height=\"491\" alt=\"Contact Us\" title=\"Cont\u00e1ctanos\" src=\"https:\/\/legacywise.org\/wp-content\/uploads\/2021\/11\/LW-Contact.jpg\" class=\"img-responsive wp-image-4652\" srcset=\"https:\/\/www.legacywise.org\/wp-content\/uploads\/2021\/11\/LW-Contact-200x98.jpg 200w, https:\/\/www.legacywise.org\/wp-content\/uploads\/2021\/11\/LW-Contact-400x196.jpg 400w, https:\/\/www.legacywise.org\/wp-content\/uploads\/2021\/11\/LW-Contact-600x295.jpg 600w, https:\/\/www.legacywise.org\/wp-content\/uploads\/2021\/11\/LW-Contact-800x393.jpg 800w, https:\/\/www.legacywise.org\/wp-content\/uploads\/2021\/11\/LW-Contact.jpg 1000w\" sizes=\"(max-width: 800px) 100vw, 400px\" \/><\/span><div class=\"fusion-clearfix\"><\/div><\/div><span class=\"fusion-column-inner-bg hover-type-none\"><a href=\"\/es\/contact-us\/\"><span class=\"fusion-column-inner-bg-image\" style=\"background-position:center center;background-repeat:no-repeat;-webkit-background-size:cover;-moz-background-size:cover;-o-background-size:cover;background-size:cover;\"><\/span><\/a><\/span><\/div><div class=\"fusion-layout-column fusion_builder_column fusion-builder-column-3 fusion_builder_column_1_3 1_3 fusion-one-third fusion-column-inner-bg-wrapper\" style=\"width:33.333333333333%;width:calc(33.333333333333% - ( ( 30px + 30px ) * 0.33333333333333 ) );margin-right: 30px;margin-top:0px;margin-bottom:0px;\"><div class=\"fusion-column-wrapper fusion-column-has-shadow fusion-flex-column-wrapper-legacy\" style=\"border-width: 3px 3px 3px 3px;border-color:#ffffff;border-style:solid;box-shadow:7px 7px 17px 0px #707070;;padding: 0% 0px 0% 0px;\"><div class=\"fusion-text fusion-text-3\"><p style=\"text-align: center; margin-bottom: 0px; border-bottom: 3px solid white; padding: 5px; font-size: 28px; color: #fff; background: linear-gradient(90deg, rgba(16,57,6,1) 0%, rgba(63,121,40,1) 100%);\" data-fusion-font=\"true\">PREGUNTAS MAS FRECUENTES<\/p>\n<\/div><span class=\"fusion-imageframe imageframe-none imageframe-3 hover-type-none\"><img decoding=\"async\" width=\"1000\" height=\"491\" title=\"LW-FAQs\" src=\"https:\/\/legacywise.org\/wp-content\/uploads\/2021\/11\/LW-FAQs.jpg\" class=\"img-responsive wp-image-4651\" srcset=\"https:\/\/www.legacywise.org\/wp-content\/uploads\/2021\/11\/LW-FAQs-200x98.jpg 200w, https:\/\/www.legacywise.org\/wp-content\/uploads\/2021\/11\/LW-FAQs-400x196.jpg 400w, https:\/\/www.legacywise.org\/wp-content\/uploads\/2021\/11\/LW-FAQs-600x295.jpg 600w, https:\/\/www.legacywise.org\/wp-content\/uploads\/2021\/11\/LW-FAQs-800x393.jpg 800w, https:\/\/www.legacywise.org\/wp-content\/uploads\/2021\/11\/LW-FAQs.jpg 1000w\" sizes=\"(max-width: 800px) 100vw, 400px\" \/><\/span><div class=\"fusion-clearfix\"><\/div><\/div><span class=\"fusion-column-inner-bg hover-type-none\"><a href=\"\/es\/faqs\/\"><span class=\"fusion-column-inner-bg-image\" style=\"background-position:center center;background-repeat:no-repeat;-webkit-background-size:cover;-moz-background-size:cover;-o-background-size:cover;background-size:cover;\"><\/span><\/a><\/span><\/div><div class=\"fusion-layout-column fusion_builder_column fusion-builder-column-4 fusion_builder_column_1_3 1_3 fusion-one-third fusion-column-last fusion-column-inner-bg-wrapper\" style=\"width:33.333333333333%;width:calc(33.333333333333% - ( ( 30px + 30px ) * 0.33333333333333 ) );margin-top:0px;margin-bottom:0px;\"><div class=\"fusion-column-wrapper fusion-column-has-shadow fusion-flex-column-wrapper-legacy\" style=\"border-width: 3px 3px 3px 3px;border-color:#ffffff;border-style:solid;box-shadow:7px 7px 17px 0px #707070;;padding: 0% 0px 0% 0px;\"><div class=\"fusion-text fusion-text-4\"><p style=\"text-align: center; margin-bottom: 0px; border-bottom: 3px solid white; padding: 5px; font-size: 28px; color: #fff; background: linear-gradient(90deg, rgba(16,57,6,1) 0%, rgba(63,121,40,1) 100%);\" data-fusion-font=\"true\">REFRENCE<\/p>\n<\/div><span class=\"fusion-imageframe imageframe-none imageframe-4 hover-type-none\"><img decoding=\"async\" width=\"1000\" height=\"491\" title=\"LW-Reference\" src=\"https:\/\/legacywise.org\/wp-content\/uploads\/2021\/11\/LW-Reference.jpg\" class=\"img-responsive wp-image-4650\" srcset=\"https:\/\/www.legacywise.org\/wp-content\/uploads\/2021\/11\/LW-Reference-200x98.jpg 200w, https:\/\/www.legacywise.org\/wp-content\/uploads\/2021\/11\/LW-Reference-400x196.jpg 400w, https:\/\/www.legacywise.org\/wp-content\/uploads\/2021\/11\/LW-Reference-600x295.jpg 600w, https:\/\/www.legacywise.org\/wp-content\/uploads\/2021\/11\/LW-Reference-800x393.jpg 800w, https:\/\/www.legacywise.org\/wp-content\/uploads\/2021\/11\/LW-Reference.jpg 1000w\" sizes=\"(max-width: 800px) 100vw, 400px\" \/><\/span><div class=\"fusion-clearfix\"><\/div><\/div><span class=\"fusion-column-inner-bg hover-type-none\"><a href=\"\/es\/reference\/\"><span class=\"fusion-column-inner-bg-image\" style=\"background-position:center center;background-repeat:no-repeat;-webkit-background-size:cover;-moz-background-size:cover;-o-background-size:cover;background-size:cover;\"><\/span><\/a><\/span><\/div><\/div><\/div><\/p>","protected":false},"excerpt":{"rendered":"","protected":false},"author":14,"featured_media":0,"parent":0,"menu_order":0,"comment_status":"closed","ping_status":"closed","template":"100-width.php","meta":{"_monsterinsights_skip_tracking":false,"_monsterinsights_sitenote_active":false,"_monsterinsights_sitenote_note":"","_monsterinsights_sitenote_category":0,"_uf_show_specific_survey":0,"_uf_disable_surveys":false,"spay_email":""},"yoast_head":"<!-- This site is optimized with the Yoast SEO plugin v19.0 - https:\/\/yoast.com\/wordpress\/plugins\/seo\/ -->\n<title>GET STARTED - LegacyWise<\/title>\n<meta name=\"robots\" content=\"index, follow, max-snippet:-1, max-image-preview:large, max-video-preview:-1\" \/>\n<link rel=\"canonical\" href=\"https:\/\/www.legacywise.org\/es\/get-started\/\" \/>\n<meta property=\"og:locale\" content=\"es_ES\" \/>\n<meta property=\"og:type\" content=\"article\" \/>\n<meta property=\"og:title\" content=\"GET STARTED - LegacyWise\" \/>\n<meta property=\"og:url\" content=\"https:\/\/www.legacywise.org\/es\/get-started\/\" \/>\n<meta property=\"og:site_name\" content=\"LegacyWise\" \/>\n<meta property=\"article:modified_time\" content=\"2022-01-19T20:19:05+00:00\" \/>\n<meta name=\"twitter:card\" content=\"summary_large_image\" \/>\n<meta name=\"twitter:label1\" content=\"Tiempo de lectura\" \/>\n\t<meta name=\"twitter:data1\" content=\"5 minutos\" \/>\n<script type=\"application\/ld+json\" class=\"yoast-schema-graph\">{\"@context\":\"https:\/\/schema.org\",\"@graph\":[{\"@type\":\"Organization\",\"@id\":\"https:\/\/www.legacywise.org\/#organization\",\"name\":\"LegacyWise\",\"url\":\"https:\/\/www.legacywise.org\/\",\"sameAs\":[],\"logo\":{\"@type\":\"ImageObject\",\"inLanguage\":\"es\",\"@id\":\"https:\/\/www.legacywise.org\/#\/schema\/logo\/image\/\",\"url\":\"https:\/\/legacywise.org\/wp-content\/uploads\/2021\/11\/LW-Logo-NonRetinaV1.png\",\"contentUrl\":\"https:\/\/legacywise.org\/wp-content\/uploads\/2021\/11\/LW-Logo-NonRetinaV1.png\",\"width\":347,\"height\":93,\"caption\":\"LegacyWise\"},\"image\":{\"@id\":\"https:\/\/www.legacywise.org\/#\/schema\/logo\/image\/\"}},{\"@type\":\"WebSite\",\"@id\":\"https:\/\/www.legacywise.org\/#website\",\"url\":\"https:\/\/www.legacywise.org\/\",\"name\":\"LegacyWise\",\"description\":\"Done In A Day!\",\"publisher\":{\"@id\":\"https:\/\/www.legacywise.org\/#organization\"},\"potentialAction\":[{\"@type\":\"SearchAction\",\"target\":{\"@type\":\"EntryPoint\",\"urlTemplate\":\"https:\/\/www.legacywise.org\/?s={search_term_string}\"},\"query-input\":\"required name=search_term_string\"}],\"inLanguage\":\"es\"},{\"@type\":\"WebPage\",\"@id\":\"https:\/\/www.legacywise.org\/get-started\/#webpage\",\"url\":\"https:\/\/www.legacywise.org\/get-started\/\",\"name\":\"GET STARTED - LegacyWise\",\"isPartOf\":{\"@id\":\"https:\/\/www.legacywise.org\/#website\"},\"datePublished\":\"2021-11-19T19:28:12+00:00\",\"dateModified\":\"2022-01-19T20:19:05+00:00\",\"breadcrumb\":{\"@id\":\"https:\/\/www.legacywise.org\/get-started\/#breadcrumb\"},\"inLanguage\":\"es\",\"potentialAction\":[{\"@type\":\"ReadAction\",\"target\":[\"https:\/\/www.legacywise.org\/get-started\/\"]}]},{\"@type\":\"BreadcrumbList\",\"@id\":\"https:\/\/www.legacywise.org\/get-started\/#breadcrumb\",\"itemListElement\":[{\"@type\":\"ListItem\",\"position\":1,\"name\":\"Home\",\"item\":\"https:\/\/www.legacywise.org\/\"},{\"@type\":\"ListItem\",\"position\":2,\"name\":\"GET STARTED\"}]}]}<\/script>\n<!-- \/ Yoast SEO plugin. -->","yoast_head_json":{"title":"GET STARTED - LegacyWise","robots":{"index":"index","follow":"follow","max-snippet":"max-snippet:-1","max-image-preview":"max-image-preview:large","max-video-preview":"max-video-preview:-1"},"canonical":"https:\/\/www.legacywise.org\/es\/get-started\/","og_locale":"es_ES","og_type":"article","og_title":"GET STARTED - LegacyWise","og_url":"https:\/\/www.legacywise.org\/es\/get-started\/","og_site_name":"LegacyWise","article_modified_time":"2022-01-19T20:19:05+00:00","twitter_card":"summary_large_image","twitter_misc":{"Tiempo de lectura":"5 minutos"},"schema":{"@context":"https:\/\/schema.org","@graph":[{"@type":"Organization","@id":"https:\/\/www.legacywise.org\/#organization","name":"LegacyWise","url":"https:\/\/www.legacywise.org\/","sameAs":[],"logo":{"@type":"ImageObject","inLanguage":"es","@id":"https:\/\/www.legacywise.org\/#\/schema\/logo\/image\/","url":"https:\/\/legacywise.org\/wp-content\/uploads\/2021\/11\/LW-Logo-NonRetinaV1.png","contentUrl":"https:\/\/legacywise.org\/wp-content\/uploads\/2021\/11\/LW-Logo-NonRetinaV1.png","width":347,"height":93,"caption":"LegacyWise"},"image":{"@id":"https:\/\/www.legacywise.org\/#\/schema\/logo\/image\/"}},{"@type":"WebSite","@id":"https:\/\/www.legacywise.org\/#website","url":"https:\/\/www.legacywise.org\/","name":"LegacyWise","description":"Done In A Day!","publisher":{"@id":"https:\/\/www.legacywise.org\/#organization"},"potentialAction":[{"@type":"SearchAction","target":{"@type":"EntryPoint","urlTemplate":"https:\/\/www.legacywise.org\/?s={search_term_string}"},"query-input":"required name=search_term_string"}],"inLanguage":"es"},{"@type":"WebPage","@id":"https:\/\/www.legacywise.org\/get-started\/#webpage","url":"https:\/\/www.legacywise.org\/get-started\/","name":"GET STARTED - LegacyWise","isPartOf":{"@id":"https:\/\/www.legacywise.org\/#website"},"datePublished":"2021-11-19T19:28:12+00:00","dateModified":"2022-01-19T20:19:05+00:00","breadcrumb":{"@id":"https:\/\/www.legacywise.org\/get-started\/#breadcrumb"},"inLanguage":"es","potentialAction":[{"@type":"ReadAction","target":["https:\/\/www.legacywise.org\/get-started\/"]}]},{"@type":"BreadcrumbList","@id":"https:\/\/www.legacywise.org\/get-started\/#breadcrumb","itemListElement":[{"@type":"ListItem","position":1,"name":"Home","item":"https:\/\/www.legacywise.org\/"},{"@type":"ListItem","position":2,"name":"GET STARTED"}]}]}},"jetpack_sharing_enabled":true,"_links":{"self":[{"href":"https:\/\/www.legacywise.org\/es\/wp-json\/wp\/v2\/pages\/4595"}],"collection":[{"href":"https:\/\/www.legacywise.org\/es\/wp-json\/wp\/v2\/pages"}],"about":[{"href":"https:\/\/www.legacywise.org\/es\/wp-json\/wp\/v2\/types\/page"}],"author":[{"embeddable":true,"href":"https:\/\/www.legacywise.org\/es\/wp-json\/wp\/v2\/users\/14"}],"replies":[{"embeddable":true,"href":"https:\/\/www.legacywise.org\/es\/wp-json\/wp\/v2\/comments?post=4595"}],"version-history":[{"count":10,"href":"https:\/\/www.legacywise.org\/es\/wp-json\/wp\/v2\/pages\/4595\/revisions"}],"predecessor-version":[{"id":5141,"href":"https:\/\/www.legacywise.org\/es\/wp-json\/wp\/v2\/pages\/4595\/revisions\/5141"}],"wp:attachment":[{"href":"https:\/\/www.legacywise.org\/es\/wp-json\/wp\/v2\/media?parent=4595"}],"curies":[{"name":"wp","href":"https:\/\/api.w.org\/{rel}","templated":true}]}}