{"id":4604,"date":"2021-11-19T14:31:01","date_gmt":"2021-11-19T19:31:01","guid":{"rendered":"https:\/\/legacywise.org\/?page_id=4604"},"modified":"2025-03-17T16:49:43","modified_gmt":"2025-03-17T20:49:43","slug":"for-you","status":"publish","type":"page","link":"https:\/\/www.legacywise.org\/es\/for-you\/","title":{"rendered":"PARA TI"},"content":{"rendered":"<p><div class=\"fusion-fullwidth fullwidth-box fusion-builder-row-1 hundred-percent-fullwidth non-hundred-percent-height-scrolling\" style=\"background-color: rgba(255,255,255,0);background-position: left top;background-repeat: no-repeat;padding-top:0px;padding-right:0px;padding-bottom:20px;padding-left:0px;margin-bottom: 0px;margin-top: 0px;border-width: 0px 0px 0px 0px;border-color:#eae9e9;border-style:solid;\" ><div class=\"fusion-builder-row fusion-row\"><div class=\"fusion-layout-column fusion_builder_column fusion-builder-column-0 fusion_builder_column_1_1 1_1 fusion-one-full fusion-column-first fusion-column-last\" style=\"margin-top:-50px;margin-bottom:-20px;\"><div class=\"fusion-column-wrapper fusion-flex-column-wrapper-legacy\" style=\"background-position:left top;background-repeat:no-repeat;-webkit-background-size:cover;-moz-background-size:cover;-o-background-size:cover;background-size:cover;padding: 0px 0px 0px 0px;\"><span class=\"fusion-imageframe imageframe-none imageframe-1 hover-type-none\" style=\"margin-top:0px;margin-right:0px;margin-bottom:0px;margin-left:0px;\"><img decoding=\"async\" width=\"1852\" height=\"675\" title=\"LW_For_You\" src=\"https:\/\/legacywise.org\/wp-content\/uploads\/2021\/11\/LW_For_You.jpg\" class=\"img-responsive wp-image-4695\" srcset=\"https:\/\/www.legacywise.org\/wp-content\/uploads\/2021\/11\/LW_For_You-200x73.jpg 200w, https:\/\/www.legacywise.org\/wp-content\/uploads\/2021\/11\/LW_For_You-400x146.jpg 400w, https:\/\/www.legacywise.org\/wp-content\/uploads\/2021\/11\/LW_For_You-600x219.jpg 600w, https:\/\/www.legacywise.org\/wp-content\/uploads\/2021\/11\/LW_For_You-800x292.jpg 800w, https:\/\/www.legacywise.org\/wp-content\/uploads\/2021\/11\/LW_For_You-1200x437.jpg 1200w, https:\/\/www.legacywise.org\/wp-content\/uploads\/2021\/11\/LW_For_You.jpg 1852w\" sizes=\"(max-width: 800px) 100vw, 1200px\" \/><\/span><div class=\"fusion-clearfix\"><\/div><\/div><\/div><\/div><\/div><div class=\"fusion-fullwidth fullwidth-box fusion-builder-row-2 fusion-flex-container nonhundred-percent-fullwidth non-hundred-percent-height-scrolling\" style=\"background-color: rgba(255,255,255,0);background-position: center center;background-repeat: no-repeat;border-width: 0px 0px 0px 0px;border-color:#eae9e9;border-style:solid;\" ><div class=\"fusion-builder-row fusion-row fusion-flex-align-items-flex-start\" style=\"max-width:1144px;margin-left: calc(-4% \/ 2 );margin-right: calc(-4% \/ 2 );\"><div class=\"fusion-layout-column fusion_builder_column fusion-builder-column-1 fusion_builder_column_1_1 1_1 fusion-flex-column\"><div class=\"fusion-column-wrapper fusion-flex-justify-content-flex-start fusion-content-layout-column\" style=\"background-position:left top;background-repeat:no-repeat;-webkit-background-size:cover;-moz-background-size:cover;-o-background-size:cover;background-size:cover;padding: 0px 0px 0px 0px;\"><div class=\"fusion-text fusion-text-1\"><h3>Quiere hacer un plan, comprender sus opciones y hacerlo bien. LegacyWise puede ayudar.<\/h3>\n<\/div><div class=\"fusion-text fusion-text-2\"><p>M\u00e1s de la mitad de los estadounidenses no cuentan con documentos al final de su vida, como un testamento o un fideicomiso. Saber por d\u00f3nde empezar puede resultar abrumador: la jerga legal es confusa y frustrante, tradicionalmente lleva mucho tiempo organizar y escribir las cosas, y eso antes de considerar el costo.<\/p>\n<p>Pero, con el enfoque sencillo y guiado de LegacyWise para ayudarle a crear estos documentos, puede hacerlo en un d\u00eda y por menos de lo que cree. Al asistir a un taller y utilizar nuestro sencillo sistema basado en la web, tendr\u00e1 el control para tomar decisiones personalizadas para elaborar documentos personalizados e incluso firmarlos el mismo d\u00eda. Sus costos se basan en sus ingresos y pueden reducirse para quienes lo necesiten. Debido a que LegacyWise utiliza un lenguaje sencillo, ver\u00e1 lo f\u00e1cil que puede ser comprender lo que hay en sus documentos.<\/p>\n<\/div><\/div><\/div><style type=\"text\/css\">.fusion-body .fusion-builder-column-1{width:100% !important;margin-top : 0px;margin-bottom : 20px;}.fusion-builder-column-1 > .fusion-column-wrapper {padding-top : 0px !important;padding-right : 0px !important;margin-right : 1.92%;padding-bottom : 0px !important;padding-left : 0px !important;margin-left : 1.92%;}@media only screen and (max-width:1024px) {.fusion-body .fusion-builder-column-1{width:100% !important;order : 0;}.fusion-builder-column-1 > .fusion-column-wrapper {margin-right : 1.92%;margin-left : 1.92%;}}@media only screen and (max-width:640px) {.fusion-body .fusion-builder-column-1{width:100% !important;order : 0;}.fusion-builder-column-1 > .fusion-column-wrapper {margin-right : 1.92%;margin-left : 1.92%;}}<\/style><\/div><style type=\"text\/css\">.fusion-body .fusion-flex-container.fusion-builder-row-2{ padding-top : 0px;margin-top : 0px;padding-right : 0px;padding-bottom : 0px;margin-bottom : 0px;padding-left : 0px;}<\/style><\/div><div class=\"fusion-fullwidth fullwidth-box fusion-builder-row-3 nonhundred-percent-fullwidth non-hundred-percent-height-scrolling fusion-equal-height-columns\" style=\"background-color: rgba(255,255,255,0);background-position: center center;background-repeat: no-repeat;padding-top:50px;padding-right:0px;padding-bottom:57px;padding-left:0px;margin-bottom: 0px;margin-top: 0px;border-width: 0px 0px 0px 0px;border-color:#eae9e9;border-style:solid;\" ><div class=\"fusion-builder-row fusion-row\"><div class=\"fusion-layout-column fusion_builder_column fusion-builder-column-2 fusion_builder_column_1_3 1_3 fusion-one-third fusion-column-first fusion-column-inner-bg-wrapper\" style=\"width:33.333333333333%;width:calc(33.333333333333% - ( ( 30px + 30px ) * 0.33333333333333 ) );margin-right: 30px;margin-top:0px;margin-bottom:0px;\"><div class=\"fusion-column-wrapper fusion-column-has-shadow fusion-flex-column-wrapper-legacy\" style=\"border-width: 3px 3px 3px 3px;border-color:#ffffff;border-style:solid;box-shadow:7px 7px 17px 0px #707070;;padding: 0% 0px 0% 0px;\"><div class=\"fusion-text fusion-text-3\"><p style=\"text-align: center; margin-bottom: 0px; border-bottom: 3px solid white; padding: 5px; font-size: 28px; color: #fff; background: linear-gradient(90deg, rgba(16,57,6,1) 0%, rgba(63,121,40,1) 100%);\" data-fusion-font=\"true\">REGISTRESE HOY!<\/p>\n<\/div><span class=\"fusion-imageframe imageframe-none imageframe-2 hover-type-none\"><img decoding=\"async\" width=\"1000\" height=\"491\" title=\"LW-Register\" src=\"https:\/\/legacywise.org\/wp-content\/uploads\/2021\/11\/LW-Register.jpg\" class=\"img-responsive wp-image-4649\" srcset=\"https:\/\/www.legacywise.org\/wp-content\/uploads\/2021\/11\/LW-Register-200x98.jpg 200w, https:\/\/www.legacywise.org\/wp-content\/uploads\/2021\/11\/LW-Register-400x196.jpg 400w, https:\/\/www.legacywise.org\/wp-content\/uploads\/2021\/11\/LW-Register-600x295.jpg 600w, https:\/\/www.legacywise.org\/wp-content\/uploads\/2021\/11\/LW-Register-800x393.jpg 800w, https:\/\/www.legacywise.org\/wp-content\/uploads\/2021\/11\/LW-Register.jpg 1000w\" sizes=\"(max-width: 800px) 100vw, 400px\" \/><\/span><div class=\"fusion-clearfix\"><\/div><\/div><span class=\"fusion-column-inner-bg hover-type-none\"><a href=\"https:\/\/app.legacywise.org\/legacy_wise\/welcome\/\" rel=\"noopener noreferrer\" target=\"_blank\"><span class=\"fusion-column-inner-bg-image\" style=\"background-position:center center;background-repeat:no-repeat;-webkit-background-size:cover;-moz-background-size:cover;-o-background-size:cover;background-size:cover;\"><\/span><\/a><\/span><\/div><div class=\"fusion-layout-column fusion_builder_column fusion-builder-column-3 fusion_builder_column_1_3 1_3 fusion-one-third fusion-column-inner-bg-wrapper\" style=\"width:33.333333333333%;width:calc(33.333333333333% - ( ( 30px + 30px ) * 0.33333333333333 ) );margin-right: 30px;margin-top:0px;margin-bottom:0px;\"><div class=\"fusion-column-wrapper fusion-column-has-shadow fusion-flex-column-wrapper-legacy\" style=\"border-width: 3px 3px 3px 3px;border-color:#ffffff;border-style:solid;box-shadow:7px 7px 17px 0px #707070;;padding: 0% 0px 0% 0px;\"><div class=\"fusion-text fusion-text-4\"><p style=\"text-align: center; margin-bottom: 0px; border-bottom: 3px solid white; padding: 5px; font-size: 28px; color: #fff; background: linear-gradient(90deg, rgba(16,57,6,1) 0%, rgba(63,121,40,1) 100%);\" data-fusion-font=\"true\">PREGUNTAS MAS FRECUENTES<\/p>\n<\/div><span class=\"fusion-imageframe imageframe-none imageframe-3 hover-type-none\"><img decoding=\"async\" width=\"1000\" height=\"491\" title=\"LW-FAQs\" src=\"https:\/\/legacywise.org\/wp-content\/uploads\/2021\/11\/LW-FAQs.jpg\" class=\"img-responsive wp-image-4651\" srcset=\"https:\/\/www.legacywise.org\/wp-content\/uploads\/2021\/11\/LW-FAQs-200x98.jpg 200w, https:\/\/www.legacywise.org\/wp-content\/uploads\/2021\/11\/LW-FAQs-400x196.jpg 400w, https:\/\/www.legacywise.org\/wp-content\/uploads\/2021\/11\/LW-FAQs-600x295.jpg 600w, https:\/\/www.legacywise.org\/wp-content\/uploads\/2021\/11\/LW-FAQs-800x393.jpg 800w, https:\/\/www.legacywise.org\/wp-content\/uploads\/2021\/11\/LW-FAQs.jpg 1000w\" sizes=\"(max-width: 800px) 100vw, 400px\" \/><\/span><div class=\"fusion-clearfix\"><\/div><\/div><span class=\"fusion-column-inner-bg hover-type-none\"><a href=\"\/es\/faqs\/\"><span class=\"fusion-column-inner-bg-image\" style=\"background-position:center center;background-repeat:no-repeat;-webkit-background-size:cover;-moz-background-size:cover;-o-background-size:cover;background-size:cover;\"><\/span><\/a><\/span><\/div><div class=\"fusion-layout-column fusion_builder_column fusion-builder-column-4 fusion_builder_column_1_3 1_3 fusion-one-third fusion-column-last fusion-column-inner-bg-wrapper\" style=\"width:33.333333333333%;width:calc(33.333333333333% - ( ( 30px + 30px ) * 0.33333333333333 ) );margin-top:0px;margin-bottom:0px;\"><div class=\"fusion-column-wrapper fusion-column-has-shadow fusion-flex-column-wrapper-legacy\" style=\"border-width: 3px 3px 3px 3px;border-color:#ffffff;border-style:solid;box-shadow:7px 7px 17px 0px #707070;;padding: 0% 0px 0% 0px;\"><div class=\"fusion-text fusion-text-5\"><p style=\"text-align: center; margin-bottom: 0px; border-bottom: 3px solid white; padding: 5px; font-size: 28px; color: #fff; background: linear-gradient(90deg, rgba(16,57,6,1) 0%, rgba(63,121,40,1) 100%);\" data-fusion-font=\"true\">APRENDER<\/p>\n<\/div><span class=\"fusion-imageframe imageframe-none imageframe-4 hover-type-none\"><img decoding=\"async\" width=\"400\" height=\"196\" title=\"pexels-kampus-production-7983600\" src=\"https:\/\/legacywise.org\/wp-content\/uploads\/2022\/02\/pexels-kampus-production-7983600-scaled-e1643729850870-400x196.jpg\" class=\"img-responsive wp-image-5325\" srcset=\"https:\/\/www.legacywise.org\/wp-content\/uploads\/2022\/02\/pexels-kampus-production-7983600-scaled-e1643729850870-200x98.jpg 200w, https:\/\/www.legacywise.org\/wp-content\/uploads\/2022\/02\/pexels-kampus-production-7983600-scaled-e1643729850870-400x196.jpg 400w, https:\/\/www.legacywise.org\/wp-content\/uploads\/2022\/02\/pexels-kampus-production-7983600-scaled-e1643729850870-600x294.jpg 600w, https:\/\/www.legacywise.org\/wp-content\/uploads\/2022\/02\/pexels-kampus-production-7983600-scaled-e1643729850870-800x392.jpg 800w, https:\/\/www.legacywise.org\/wp-content\/uploads\/2022\/02\/pexels-kampus-production-7983600-scaled-e1643729850870-1200x588.jpg 1200w, https:\/\/www.legacywise.org\/wp-content\/uploads\/2022\/02\/pexels-kampus-production-7983600-scaled-e1643729850870.jpg 2131w\" sizes=\"(max-width: 800px) 100vw, 400px\" \/><\/span><div class=\"fusion-clearfix\"><\/div><\/div><span class=\"fusion-column-inner-bg hover-type-none\"><a href=\"\/es\/learn\/\"><span class=\"fusion-column-inner-bg-image\" style=\"background-position:center center;background-repeat:no-repeat;-webkit-background-size:cover;-moz-background-size:cover;-o-background-size:cover;background-size:cover;\"><\/span><\/a><\/span><\/div><\/div><\/div><\/p>","protected":false},"excerpt":{"rendered":"","protected":false},"author":14,"featured_media":0,"parent":0,"menu_order":0,"comment_status":"closed","ping_status":"closed","template":"100-width.php","meta":{"_monsterinsights_skip_tracking":false,"_monsterinsights_sitenote_active":false,"_monsterinsights_sitenote_note":"","_monsterinsights_sitenote_category":0,"_uf_show_specific_survey":0,"_uf_disable_surveys":false,"spay_email":""},"yoast_head":"<!-- This site is optimized with the Yoast SEO plugin v19.0 - https:\/\/yoast.com\/wordpress\/plugins\/seo\/ -->\n<title>Easy Estate Planning - LegacyWise<\/title>\n<meta name=\"description\" content=\"LegacyWise offers simple, straightforward approach to estate planning documents. You can be Done in a Day \u2013 and for less than you think.\" \/>\n<meta name=\"robots\" content=\"index, follow, max-snippet:-1, max-image-preview:large, max-video-preview:-1\" \/>\n<link rel=\"canonical\" href=\"https:\/\/www.legacywise.org\/es\/for-you\/\" \/>\n<meta property=\"og:locale\" content=\"es_ES\" \/>\n<meta property=\"og:type\" content=\"article\" \/>\n<meta property=\"og:title\" content=\"Easy Estate Planning - LegacyWise\" \/>\n<meta property=\"og:description\" content=\"LegacyWise offers simple, straightforward approach to estate planning documents. You can be Done in a Day \u2013 and for less than you think.\" \/>\n<meta property=\"og:url\" content=\"https:\/\/www.legacywise.org\/es\/for-you\/\" \/>\n<meta property=\"og:site_name\" content=\"LegacyWise\" \/>\n<meta property=\"article:modified_time\" content=\"2025-03-17T20:49:43+00:00\" \/>\n<meta name=\"twitter:card\" content=\"summary_large_image\" \/>\n<meta name=\"twitter:label1\" content=\"Tiempo de lectura\" \/>\n\t<meta name=\"twitter:data1\" content=\"6 minutos\" \/>\n<script type=\"application\/ld+json\" class=\"yoast-schema-graph\">{\"@context\":\"https:\/\/schema.org\",\"@graph\":[{\"@type\":\"Organization\",\"@id\":\"https:\/\/www.legacywise.org\/#organization\",\"name\":\"LegacyWise\",\"url\":\"https:\/\/www.legacywise.org\/\",\"sameAs\":[],\"logo\":{\"@type\":\"ImageObject\",\"inLanguage\":\"es\",\"@id\":\"https:\/\/www.legacywise.org\/#\/schema\/logo\/image\/\",\"url\":\"https:\/\/legacywise.org\/wp-content\/uploads\/2021\/11\/LW-Logo-NonRetinaV1.png\",\"contentUrl\":\"https:\/\/legacywise.org\/wp-content\/uploads\/2021\/11\/LW-Logo-NonRetinaV1.png\",\"width\":347,\"height\":93,\"caption\":\"LegacyWise\"},\"image\":{\"@id\":\"https:\/\/www.legacywise.org\/#\/schema\/logo\/image\/\"}},{\"@type\":\"WebSite\",\"@id\":\"https:\/\/www.legacywise.org\/#website\",\"url\":\"https:\/\/www.legacywise.org\/\",\"name\":\"LegacyWise\",\"description\":\"Done In A Day!\",\"publisher\":{\"@id\":\"https:\/\/www.legacywise.org\/#organization\"},\"potentialAction\":[{\"@type\":\"SearchAction\",\"target\":{\"@type\":\"EntryPoint\",\"urlTemplate\":\"https:\/\/www.legacywise.org\/?s={search_term_string}\"},\"query-input\":\"required name=search_term_string\"}],\"inLanguage\":\"es\"},{\"@type\":\"WebPage\",\"@id\":\"https:\/\/www.legacywise.org\/for-you\/#webpage\",\"url\":\"https:\/\/www.legacywise.org\/for-you\/\",\"name\":\"Easy Estate Planning - LegacyWise\",\"isPartOf\":{\"@id\":\"https:\/\/www.legacywise.org\/#website\"},\"datePublished\":\"2021-11-19T19:31:01+00:00\",\"dateModified\":\"2025-03-17T20:49:43+00:00\",\"description\":\"LegacyWise offers simple, straightforward approach to estate planning documents. You can be Done in a Day \u2013 and for less than you think.\",\"breadcrumb\":{\"@id\":\"https:\/\/www.legacywise.org\/for-you\/#breadcrumb\"},\"inLanguage\":\"es\",\"potentialAction\":[{\"@type\":\"ReadAction\",\"target\":[\"https:\/\/www.legacywise.org\/for-you\/\"]}]},{\"@type\":\"BreadcrumbList\",\"@id\":\"https:\/\/www.legacywise.org\/for-you\/#breadcrumb\",\"itemListElement\":[{\"@type\":\"ListItem\",\"position\":1,\"name\":\"Home\",\"item\":\"https:\/\/www.legacywise.org\/\"},{\"@type\":\"ListItem\",\"position\":2,\"name\":\"FOR YOU\"}]}]}<\/script>\n<!-- \/ Yoast SEO plugin. -->","yoast_head_json":{"title":"Easy Estate Planning - LegacyWise","description":"LegacyWise offers simple, straightforward approach to estate planning documents. You can be Done in a Day \u2013 and for less than you think.","robots":{"index":"index","follow":"follow","max-snippet":"max-snippet:-1","max-image-preview":"max-image-preview:large","max-video-preview":"max-video-preview:-1"},"canonical":"https:\/\/www.legacywise.org\/es\/for-you\/","og_locale":"es_ES","og_type":"article","og_title":"Easy Estate Planning - LegacyWise","og_description":"LegacyWise offers simple, straightforward approach to estate planning documents. You can be Done in a Day \u2013 and for less than you think.","og_url":"https:\/\/www.legacywise.org\/es\/for-you\/","og_site_name":"LegacyWise","article_modified_time":"2025-03-17T20:49:43+00:00","twitter_card":"summary_large_image","twitter_misc":{"Tiempo de lectura":"6 minutos"},"schema":{"@context":"https:\/\/schema.org","@graph":[{"@type":"Organization","@id":"https:\/\/www.legacywise.org\/#organization","name":"LegacyWise","url":"https:\/\/www.legacywise.org\/","sameAs":[],"logo":{"@type":"ImageObject","inLanguage":"es","@id":"https:\/\/www.legacywise.org\/#\/schema\/logo\/image\/","url":"https:\/\/legacywise.org\/wp-content\/uploads\/2021\/11\/LW-Logo-NonRetinaV1.png","contentUrl":"https:\/\/legacywise.org\/wp-content\/uploads\/2021\/11\/LW-Logo-NonRetinaV1.png","width":347,"height":93,"caption":"LegacyWise"},"image":{"@id":"https:\/\/www.legacywise.org\/#\/schema\/logo\/image\/"}},{"@type":"WebSite","@id":"https:\/\/www.legacywise.org\/#website","url":"https:\/\/www.legacywise.org\/","name":"LegacyWise","description":"Done In A Day!","publisher":{"@id":"https:\/\/www.legacywise.org\/#organization"},"potentialAction":[{"@type":"SearchAction","target":{"@type":"EntryPoint","urlTemplate":"https:\/\/www.legacywise.org\/?s={search_term_string}"},"query-input":"required name=search_term_string"}],"inLanguage":"es"},{"@type":"WebPage","@id":"https:\/\/www.legacywise.org\/for-you\/#webpage","url":"https:\/\/www.legacywise.org\/for-you\/","name":"Easy Estate Planning - LegacyWise","isPartOf":{"@id":"https:\/\/www.legacywise.org\/#website"},"datePublished":"2021-11-19T19:31:01+00:00","dateModified":"2025-03-17T20:49:43+00:00","description":"LegacyWise offers simple, straightforward approach to estate planning documents. You can be Done in a Day \u2013 and for less than you think.","breadcrumb":{"@id":"https:\/\/www.legacywise.org\/for-you\/#breadcrumb"},"inLanguage":"es","potentialAction":[{"@type":"ReadAction","target":["https:\/\/www.legacywise.org\/for-you\/"]}]},{"@type":"BreadcrumbList","@id":"https:\/\/www.legacywise.org\/for-you\/#breadcrumb","itemListElement":[{"@type":"ListItem","position":1,"name":"Home","item":"https:\/\/www.legacywise.org\/"},{"@type":"ListItem","position":2,"name":"FOR YOU"}]}]}},"jetpack_sharing_enabled":true,"_links":{"self":[{"href":"https:\/\/www.legacywise.org\/es\/wp-json\/wp\/v2\/pages\/4604"}],"collection":[{"href":"https:\/\/www.legacywise.org\/es\/wp-json\/wp\/v2\/pages"}],"about":[{"href":"https:\/\/www.legacywise.org\/es\/wp-json\/wp\/v2\/types\/page"}],"author":[{"embeddable":true,"href":"https:\/\/www.legacywise.org\/es\/wp-json\/wp\/v2\/users\/14"}],"replies":[{"embeddable":true,"href":"https:\/\/www.legacywise.org\/es\/wp-json\/wp\/v2\/comments?post=4604"}],"version-history":[{"count":12,"href":"https:\/\/www.legacywise.org\/es\/wp-json\/wp\/v2\/pages\/4604\/revisions"}],"predecessor-version":[{"id":6048,"href":"https:\/\/www.legacywise.org\/es\/wp-json\/wp\/v2\/pages\/4604\/revisions\/6048"}],"wp:attachment":[{"href":"https:\/\/www.legacywise.org\/es\/wp-json\/wp\/v2\/media?parent=4604"}],"curies":[{"name":"wp","href":"https:\/\/api.w.org\/{rel}","templated":true}]}}