{"id":5540,"date":"2023-05-04T13:09:27","date_gmt":"2023-05-04T17:09:27","guid":{"rendered":"https:\/\/www.legacywise.org\/?page_id=5540"},"modified":"2023-05-04T20:18:54","modified_gmt":"2023-05-05T00:18:54","slug":"testimonial","status":"publish","type":"page","link":"https:\/\/www.legacywise.org\/es\/testimonial\/","title":{"rendered":"Testimonial"},"content":{"rendered":"<p><div class=\"fusion-fullwidth fullwidth-box fusion-builder-row-1 fusion-flex-container hundred-percent-fullwidth non-hundred-percent-height-scrolling\" style=\"background-color: rgba(255,255,255,0);background-position: center center;background-repeat: no-repeat;border-width: 0px 0px 0px 0px;border-color:#eae9e9;border-style:solid;\" ><div class=\"fusion-builder-row fusion-row fusion-flex-align-items-flex-start\" style=\"width:104% !important;max-width:104% !important;margin-left: calc(-4% \/ 2 );margin-right: calc(-4% \/ 2 );\"><div class=\"fusion-layout-column fusion_builder_column fusion-builder-column-0 fusion_builder_column_1_1 1_1 fusion-flex-column\"><div class=\"fusion-column-wrapper fusion-flex-justify-content-flex-start fusion-content-layout-column\" style=\"background-position:left top;background-repeat:no-repeat;-webkit-background-size:cover;-moz-background-size:cover;-o-background-size:cover;background-size:cover;padding: 0px 0px 0px 0px;\"><div ><span class=\"fusion-imageframe imageframe-none imageframe-1 hover-type-none\" style=\"margin-top:0px;margin-bottom:2rem;\"><img decoding=\"async\" width=\"1852\" height=\"675\" title=\"LW_Contact-header\" src=\"https:\/\/legacywise.org\/wp-content\/uploads\/2021\/12\/LW_Contact-header.jpg\" class=\"img-responsive wp-image-4923\" srcset=\"https:\/\/www.legacywise.org\/wp-content\/uploads\/2021\/12\/LW_Contact-header-200x73.jpg 200w, https:\/\/www.legacywise.org\/wp-content\/uploads\/2021\/12\/LW_Contact-header-400x146.jpg 400w, https:\/\/www.legacywise.org\/wp-content\/uploads\/2021\/12\/LW_Contact-header-600x219.jpg 600w, https:\/\/www.legacywise.org\/wp-content\/uploads\/2021\/12\/LW_Contact-header-800x292.jpg 800w, https:\/\/www.legacywise.org\/wp-content\/uploads\/2021\/12\/LW_Contact-header-1200x437.jpg 1200w, https:\/\/www.legacywise.org\/wp-content\/uploads\/2021\/12\/LW_Contact-header.jpg 1852w\" sizes=\"(max-width: 1024px) 100vw, (max-width: 640px) 100vw, 1200px\" \/><\/span><\/div><\/div><\/div><style type=\"text\/css\">.fusion-body .fusion-builder-column-0{width:100% !important;margin-top : 5px;margin-bottom : 0px;}.fusion-builder-column-0 > .fusion-column-wrapper {padding-top : 0px !important;padding-right : 0px !important;margin-right : 1.92%;padding-bottom : 0px !important;padding-left : 0px !important;margin-left : 1.92%;}@media only screen and (max-width:1024px) {.fusion-body .fusion-builder-column-0{width:100% !important;order : 0;}.fusion-builder-column-0 > .fusion-column-wrapper {margin-right : 1.92%;margin-left : 1.92%;}}@media only screen and (max-width:640px) {.fusion-body .fusion-builder-column-0{width:100% !important;order : 0;}.fusion-builder-column-0 > .fusion-column-wrapper {margin-right : 1.92%;margin-left : 1.92%;}}<\/style><\/div><style type=\"text\/css\">.fusion-body .fusion-flex-container.fusion-builder-row-1{ padding-top : 0px;margin-top : 0px;padding-right : 0px;padding-bottom : 0px;margin-bottom : 0px;padding-left : 0px;}<\/style><\/div><div class=\"fusion-fullwidth fullwidth-box fusion-builder-row-2 fusion-flex-container nonhundred-percent-fullwidth non-hundred-percent-height-scrolling\" style=\"background-color: rgba(255,255,255,0);background-position: center center;background-repeat: no-repeat;border-width: 0px 0px 0px 0px;border-color:#eae9e9;border-style:solid;\" ><div class=\"fusion-builder-row fusion-row fusion-flex-align-items-flex-start\" style=\"max-width:1144px;margin-left: calc(-4% \/ 2 );margin-right: calc(-4% \/ 2 );\"><div class=\"fusion-layout-column fusion_builder_column fusion-builder-column-1 fusion_builder_column_1_1 1_1 fusion-flex-column\"><div class=\"fusion-column-wrapper fusion-flex-justify-content-flex-start fusion-content-layout-column\" style=\"background-position:left top;background-repeat:no-repeat;-webkit-background-size:cover;-moz-background-size:cover;-o-background-size:cover;background-size:cover;padding: 0px 0px 0px 0px;\"><style type=\"text\/css\">@media only screen and (max-width:1024px) {.fusion-title.fusion-title-1{margin-top:0px!important;margin-bottom:0px!important;}}<\/style><div class=\"fusion-title title fusion-title-1 fusion-title-center fusion-title-text fusion-title-size-one\" style=\"margin-top:0px;margin-bottom:0px;\"><div class=\"title-sep-container title-sep-container-left\"><div class=\"title-sep sep-\" style=\"border-color:#e2e2e2;\"><\/div><\/div><h1 class=\"title-heading-center\" style=\"font-family:&quot;Spartan&quot;;font-weight:600;margin:0;\">Nuestros Testimonios<\/h1><div class=\"title-sep-container title-sep-container-right\"><div class=\"title-sep sep-\" style=\"border-color:#e2e2e2;\"><\/div><\/div><\/div><div class=\"fusion-section-separator section-separator big-half-circle fusion-section-separator-1\"><div class=\"fusion-section-separator-svg\" style=\"padding:0;\"><svg class=\"fusion-big-half-circle-candy\" xmlns=\"http:\/\/www.w3.org\/2000\/svg\" version=\"1.1\" width=\"100%\" height=\"100\" viewbox=\"0 0 100 100\" preserveaspectratio=\"none\" style=\"fill:#f6f6f6;padding:0;\"><path d=\"M0 100 C40 0 60 0 100 100 Z\"><\/path><\/svg><\/div><div class=\"fusion-section-separator-spacer\"><div class=\"fusion-section-separator-spacer-height\" style=\"height:99px;\"><\/div><\/div><style type=\"text\/css\">.fusion-section-separator-1 .fusion-section-separator-svg {margin-left:1.92%;margin-right:1.92%;}@media only screen and (max-width:1024px) {.fusion-section-separator-1 .fusion-section-separator-svg {margin-left:1.92%;margin-right:1.92%;}}@media only screen and (max-width:640px) {.fusion-section-separator-1 .fusion-section-separator-svg {margin-left:1.92%;margin-right:1.92%;}}<\/style><\/div><form class=\"testimonial-search-form\" id=\"testimonial-search-form\" method=\"get\" action=\"\"><input type=\"search\" id=\"testimonial-search-input\" placeholder=\"Search testimonials...\"><input type=\"hidden\" name=\"trp-form-language\" value=\"es\"\/><\/form><div class=\"testimonial-grid\"><div class=\"testimonial-card\"><h3 style=\"margin-bottom: 10px;\">Participante del taller NH<\/h3><p style=\"margin-bottom: 0px; font-style: italic;\">\"Me encant\u00f3 el formato paso a paso del seminario. Pens\u00e9 que era fant\u00e1stico que hubiera varias personas de LW presentes para ayudar a responder preguntas. El orador fue fant\u00e1stico\".<\/p><p class=\"testimonial-stars\">\u2b50\u2b50\u2b50\u2b50\u2b50<\/p><\/div><div class=\"testimonial-card\"><h3 style=\"margin-bottom: 10px;\">Participante del taller NH<\/h3><p style=\"margin-bottom: 0px; font-style: italic;\">\"\u00a1LW fue s\u00faper \u00fatil y f\u00e1cil!\"<\/p><p class=\"testimonial-stars\">\u2b50\u2b50\u2b50\u2b50\u2b50<\/p><\/div><div class=\"testimonial-card\"><h3 style=\"margin-bottom: 10px;\">Moe<\/h3><p style=\"margin-bottom: 0px; font-style: italic;\">\"El software funciona perfectamente, me encanta la funci\u00f3n de interfaz del taller, \u00a1la asistencia del personal fue excelente! \u00a1El costo es muy razonable!\"<\/p><p class=\"testimonial-stars\">\u2b50\u2b50\u2b50\u2b50\u2b50<\/p><\/div><div class=\"testimonial-card\"><h3 style=\"margin-bottom: 10px;\">Ken &#038; Kim<\/h3><p style=\"margin-bottom: 0px; font-style: italic;\">\"Excelente taller, mucha informaci\u00f3n y un excelente equipo de soporte. F\u00e1cil de asistir\".<\/p><p class=\"testimonial-stars\">\u2b50\u2b50\u2b50\u2b50\u2b50<\/p><\/div><div class=\"testimonial-card\"><h3 style=\"margin-bottom: 10px;\">Roy<\/h3><p style=\"margin-bottom: 0px; font-style: italic;\">\"Buen Programa!\"<\/p><p class=\"testimonial-stars\">\u2b50\u2b50\u2b50\u2b50\u2b50<\/p><\/div><div class=\"testimonial-card\"><h3 style=\"margin-bottom: 10px;\">Participante del taller NH<\/h3><p style=\"margin-bottom: 0px; font-style: italic;\">\"Esta es una forma asequible y no intimidante de planificar su futuro\".<\/p><p class=\"testimonial-stars\">\u2b50\u2b50\u2b50\u2b50\u2b50<\/p><\/div><div class=\"testimonial-card\"><h3 style=\"margin-bottom: 10px;\">Tim<\/h3><p style=\"margin-bottom: 0px; font-style: italic;\">\"Sesi\u00f3n bien organizada e informativa.\"<\/p><p class=\"testimonial-stars\">\u2b50\u2b50\u2b50\u2b50\u2b50<\/p><\/div><div class=\"testimonial-card\"><h3 style=\"margin-bottom: 10px;\">Participante del taller NH<\/h3><p style=\"margin-bottom: 0px; font-style: italic;\">\"Aprecio la simplicidad del lenguaje para explicar los documentos legales.\"<\/p><p class=\"testimonial-stars\">\u2b50\u2b50\u2b50\u2b50\u2b50<\/p><\/div><div class=\"testimonial-card\"><h3 style=\"margin-bottom: 10px;\">Jerry &#038; Deb<\/h3><p style=\"margin-bottom: 0px; font-style: italic;\">\"Su programa est\u00e1 muy detallado y es f\u00e1cil de seguir. Con personal profesional y capacitado para guiarlo a trav\u00e9s del proceso, esta es la mejor manera de completar estos documentos tan importantes. La reuni\u00f3n de seguimiento para firmar y ejecutar estos documentos como final Este paso fue especialmente agradable para finalizar el proceso de documentaci\u00f3n. Tener la oportunidad de hacer preguntas personales en un ambiente con el personal nos dio una sensaci\u00f3n de seguridad y finalizaci\u00f3n de este proceso\".<\/p><p class=\"testimonial-stars\">\u2b50\u2b50\u2b50\u2b50\u2b50<\/p><\/div><div class=\"testimonial-card\"><h3 style=\"margin-bottom: 10px;\">Participante del taller NH<\/h3><p style=\"margin-bottom: 0px; font-style: italic;\">\"Este es un gran servicio. El equipo es generoso con su tiempo y conocimiento\".<\/p><p class=\"testimonial-stars\">\u2b50\u2b50\u2b50\u2b50\u2b50<\/p><\/div><div class=\"testimonial-card\"><h3 style=\"margin-bottom: 10px;\">Roy McCandless<\/h3><p style=\"margin-bottom: 0px; font-style: italic;\">\"Si eres como nosotros y no has querido depositar tu confianza en el lugar equivocado, mira LegacyWise y comprueba si funciona para ti. \u00a1Dios te bendiga!\"<\/p><p class=\"testimonial-stars\">\u2b50\u2b50\u2b50\u2b50\u2b50<\/p><\/div><div class=\"testimonial-card\"><h3 style=\"margin-bottom: 10px;\">Eric Miller<\/h3><p style=\"margin-bottom: 0px; font-style: italic;\">\"Servicio de primer nivel sin honorarios tipo Despacho de Abogados.\"<\/p><p class=\"testimonial-stars\">\u2b50\u2b50\u2b50\u2b50\u2b50<\/p><\/div><\/div><div class=\"pagination\"><span aria-current=\"page\" class=\"page-numbers current\">1<\/span>\n<a class=\"page-numbers\" href=\"https:\/\/www.legacywise.org\/es\/wp-json\/wp\/v2\/pages\/5540\/page\/2\/\">2<\/a>\n<a class=\"page-numbers\" href=\"https:\/\/www.legacywise.org\/es\/wp-json\/wp\/v2\/pages\/5540\/page\/3\/\">3<\/a>\n<a class=\"next page-numbers\" href=\"https:\/\/www.legacywise.org\/es\/wp-json\/wp\/v2\/pages\/5540\/page\/2\/\">Siguiente &raquo;<\/a><\/div><\/div><\/div><style type=\"text\/css\">.fusion-body .fusion-builder-column-1{width:100% !important;margin-top : 0px;margin-bottom : 20px;}.fusion-builder-column-1 > .fusion-column-wrapper {padding-top : 0px !important;padding-right : 0px !important;margin-right : 1.92%;padding-bottom : 0px !important;padding-left : 0px !important;margin-left : 1.92%;}@media only screen and (max-width:1024px) {.fusion-body .fusion-builder-column-1{width:100% !important;order : 0;}.fusion-builder-column-1 > .fusion-column-wrapper {margin-right : 1.92%;margin-left : 1.92%;}}@media only screen and (max-width:640px) {.fusion-body .fusion-builder-column-1{width:100% !important;order : 0;}.fusion-builder-column-1 > .fusion-column-wrapper {margin-right : 1.92%;margin-left : 1.92%;}}<\/style><\/div><style type=\"text\/css\">.fusion-body .fusion-flex-container.fusion-builder-row-2{ padding-top : 0px;margin-top : 0px;padding-right : 0px;padding-bottom : 0px;margin-bottom : 0px;padding-left : 0px;}<\/style><\/div><\/p>","protected":false},"excerpt":{"rendered":"","protected":false},"author":13,"featured_media":0,"parent":0,"menu_order":0,"comment_status":"closed","ping_status":"closed","template":"100-width.php","meta":{"_monsterinsights_skip_tracking":false,"_monsterinsights_sitenote_active":false,"_monsterinsights_sitenote_note":"","_monsterinsights_sitenote_category":0,"_uf_show_specific_survey":0,"_uf_disable_surveys":false,"spay_email":""},"yoast_head":"<!-- This site is optimized with the Yoast SEO plugin v19.0 - https:\/\/yoast.com\/wordpress\/plugins\/seo\/ -->\n<title>Testimonial - LegacyWise<\/title>\n<meta name=\"robots\" content=\"index, follow, max-snippet:-1, max-image-preview:large, max-video-preview:-1\" \/>\n<link rel=\"canonical\" href=\"https:\/\/www.legacywise.org\/es\/testimonial\/\" \/>\n<meta property=\"og:locale\" content=\"es_ES\" \/>\n<meta property=\"og:type\" content=\"article\" \/>\n<meta property=\"og:title\" content=\"Testimonial - LegacyWise\" \/>\n<meta property=\"og:url\" content=\"https:\/\/www.legacywise.org\/es\/testimonial\/\" \/>\n<meta property=\"og:site_name\" content=\"LegacyWise\" \/>\n<meta property=\"article:modified_time\" content=\"2023-05-05T00:18:54+00:00\" \/>\n<meta name=\"twitter:card\" content=\"summary_large_image\" \/>\n<meta name=\"twitter:label1\" content=\"Tiempo de lectura\" \/>\n\t<meta name=\"twitter:data1\" content=\"1 minuto\" \/>\n<script type=\"application\/ld+json\" class=\"yoast-schema-graph\">{\"@context\":\"https:\/\/schema.org\",\"@graph\":[{\"@type\":\"Organization\",\"@id\":\"https:\/\/www.legacywise.org\/#organization\",\"name\":\"LegacyWise\",\"url\":\"https:\/\/www.legacywise.org\/\",\"sameAs\":[],\"logo\":{\"@type\":\"ImageObject\",\"inLanguage\":\"es\",\"@id\":\"https:\/\/www.legacywise.org\/#\/schema\/logo\/image\/\",\"url\":\"https:\/\/legacywise.org\/wp-content\/uploads\/2021\/11\/LW-Logo-NonRetinaV1.png\",\"contentUrl\":\"https:\/\/legacywise.org\/wp-content\/uploads\/2021\/11\/LW-Logo-NonRetinaV1.png\",\"width\":347,\"height\":93,\"caption\":\"LegacyWise\"},\"image\":{\"@id\":\"https:\/\/www.legacywise.org\/#\/schema\/logo\/image\/\"}},{\"@type\":\"WebSite\",\"@id\":\"https:\/\/www.legacywise.org\/#website\",\"url\":\"https:\/\/www.legacywise.org\/\",\"name\":\"LegacyWise\",\"description\":\"Done In A Day!\",\"publisher\":{\"@id\":\"https:\/\/www.legacywise.org\/#organization\"},\"potentialAction\":[{\"@type\":\"SearchAction\",\"target\":{\"@type\":\"EntryPoint\",\"urlTemplate\":\"https:\/\/www.legacywise.org\/?s={search_term_string}\"},\"query-input\":\"required name=search_term_string\"}],\"inLanguage\":\"es\"},{\"@type\":\"WebPage\",\"@id\":\"https:\/\/www.legacywise.org\/testimonial\/#webpage\",\"url\":\"https:\/\/www.legacywise.org\/testimonial\/\",\"name\":\"Testimonial - LegacyWise\",\"isPartOf\":{\"@id\":\"https:\/\/www.legacywise.org\/#website\"},\"datePublished\":\"2023-05-04T17:09:27+00:00\",\"dateModified\":\"2023-05-05T00:18:54+00:00\",\"breadcrumb\":{\"@id\":\"https:\/\/www.legacywise.org\/testimonial\/#breadcrumb\"},\"inLanguage\":\"es\",\"potentialAction\":[{\"@type\":\"ReadAction\",\"target\":[\"https:\/\/www.legacywise.org\/testimonial\/\"]}]},{\"@type\":\"BreadcrumbList\",\"@id\":\"https:\/\/www.legacywise.org\/testimonial\/#breadcrumb\",\"itemListElement\":[{\"@type\":\"ListItem\",\"position\":1,\"name\":\"Home\",\"item\":\"https:\/\/www.legacywise.org\/\"},{\"@type\":\"ListItem\",\"position\":2,\"name\":\"Testimonial\"}]}]}<\/script>\n<!-- \/ Yoast SEO plugin. -->","yoast_head_json":{"title":"Testimonial - LegacyWise","robots":{"index":"index","follow":"follow","max-snippet":"max-snippet:-1","max-image-preview":"max-image-preview:large","max-video-preview":"max-video-preview:-1"},"canonical":"https:\/\/www.legacywise.org\/es\/testimonial\/","og_locale":"es_ES","og_type":"article","og_title":"Testimonial - LegacyWise","og_url":"https:\/\/www.legacywise.org\/es\/testimonial\/","og_site_name":"LegacyWise","article_modified_time":"2023-05-05T00:18:54+00:00","twitter_card":"summary_large_image","twitter_misc":{"Tiempo de lectura":"1 minuto"},"schema":{"@context":"https:\/\/schema.org","@graph":[{"@type":"Organization","@id":"https:\/\/www.legacywise.org\/#organization","name":"LegacyWise","url":"https:\/\/www.legacywise.org\/","sameAs":[],"logo":{"@type":"ImageObject","inLanguage":"es","@id":"https:\/\/www.legacywise.org\/#\/schema\/logo\/image\/","url":"https:\/\/legacywise.org\/wp-content\/uploads\/2021\/11\/LW-Logo-NonRetinaV1.png","contentUrl":"https:\/\/legacywise.org\/wp-content\/uploads\/2021\/11\/LW-Logo-NonRetinaV1.png","width":347,"height":93,"caption":"LegacyWise"},"image":{"@id":"https:\/\/www.legacywise.org\/#\/schema\/logo\/image\/"}},{"@type":"WebSite","@id":"https:\/\/www.legacywise.org\/#website","url":"https:\/\/www.legacywise.org\/","name":"LegacyWise","description":"Done In A Day!","publisher":{"@id":"https:\/\/www.legacywise.org\/#organization"},"potentialAction":[{"@type":"SearchAction","target":{"@type":"EntryPoint","urlTemplate":"https:\/\/www.legacywise.org\/?s={search_term_string}"},"query-input":"required name=search_term_string"}],"inLanguage":"es"},{"@type":"WebPage","@id":"https:\/\/www.legacywise.org\/testimonial\/#webpage","url":"https:\/\/www.legacywise.org\/testimonial\/","name":"Testimonial - LegacyWise","isPartOf":{"@id":"https:\/\/www.legacywise.org\/#website"},"datePublished":"2023-05-04T17:09:27+00:00","dateModified":"2023-05-05T00:18:54+00:00","breadcrumb":{"@id":"https:\/\/www.legacywise.org\/testimonial\/#breadcrumb"},"inLanguage":"es","potentialAction":[{"@type":"ReadAction","target":["https:\/\/www.legacywise.org\/testimonial\/"]}]},{"@type":"BreadcrumbList","@id":"https:\/\/www.legacywise.org\/testimonial\/#breadcrumb","itemListElement":[{"@type":"ListItem","position":1,"name":"Home","item":"https:\/\/www.legacywise.org\/"},{"@type":"ListItem","position":2,"name":"Testimonial"}]}]}},"jetpack_sharing_enabled":true,"_links":{"self":[{"href":"https:\/\/www.legacywise.org\/es\/wp-json\/wp\/v2\/pages\/5540"}],"collection":[{"href":"https:\/\/www.legacywise.org\/es\/wp-json\/wp\/v2\/pages"}],"about":[{"href":"https:\/\/www.legacywise.org\/es\/wp-json\/wp\/v2\/types\/page"}],"author":[{"embeddable":true,"href":"https:\/\/www.legacywise.org\/es\/wp-json\/wp\/v2\/users\/13"}],"replies":[{"embeddable":true,"href":"https:\/\/www.legacywise.org\/es\/wp-json\/wp\/v2\/comments?post=5540"}],"version-history":[{"count":10,"href":"https:\/\/www.legacywise.org\/es\/wp-json\/wp\/v2\/pages\/5540\/revisions"}],"predecessor-version":[{"id":5659,"href":"https:\/\/www.legacywise.org\/es\/wp-json\/wp\/v2\/pages\/5540\/revisions\/5659"}],"wp:attachment":[{"href":"https:\/\/www.legacywise.org\/es\/wp-json\/wp\/v2\/media?parent=5540"}],"curies":[{"name":"wp","href":"https:\/\/api.w.org\/{rel}","templated":true}]}}