{"id":5765,"date":"2023-06-28T10:31:51","date_gmt":"2023-06-28T14:31:51","guid":{"rendered":"https:\/\/www.legacywise.org\/?page_id=5765"},"modified":"2025-08-29T14:57:21","modified_gmt":"2025-08-29T18:57:21","slug":"docucare","status":"publish","type":"page","link":"https:\/\/www.legacywise.org\/es\/docucare\/","title":{"rendered":"DocuCare"},"content":{"rendered":"<p><div class=\"fusion-fullwidth fullwidth-box fusion-builder-row-1 fusion-flex-container nonhundred-percent-fullwidth non-hundred-percent-height-scrolling\" style=\"background-color: rgba(255,255,255,0);background-position: center center;background-repeat: no-repeat;border-width: 0px 0px 0px 0px;border-color:#eae9e9;border-style:solid;\" ><div class=\"fusion-builder-row fusion-row fusion-flex-align-items-flex-start\" style=\"max-width:1144px;margin-left: calc(-4% \/ 2 );margin-right: calc(-4% \/ 2 );\"><div class=\"fusion-layout-column fusion_builder_column fusion-builder-column-0 fusion_builder_column_1_1 1_1 fusion-flex-column\"><div class=\"fusion-column-wrapper fusion-flex-justify-content-flex-start fusion-content-layout-column\" style=\"background-position:left top;background-repeat:no-repeat;-webkit-background-size:cover;-moz-background-size:cover;-o-background-size:cover;background-size:cover;padding: 0px 0px 0px 0px;\"><style type=\"text\/css\">@media only screen and (max-width:1024px) {.fusion-title.fusion-title-1{margin-top:0px!important;margin-bottom:30px!important;}}<\/style><div class=\"fusion-title title fusion-title-1 fusion-title-center fusion-title-text fusion-title-size-one\" style=\"margin-top:0px;margin-bottom:30px;\"><div class=\"title-sep-container title-sep-container-left\"><div class=\"title-sep sep-\" style=\"border-color:#e2e2e2;\"><\/div><\/div><h1 class=\"title-heading-center\" style=\"margin:0;\"><h3 style=\"text-align: center;\"><span style=\"background-color: rgba(255, 255, 255, 0); color: var(--h1_typography-color); font-family: var(--h1_typography-font-family); font-size: var(--h1_typography-font-size); font-style: var(--h1_typography-font-style,normal); font-weight: var(--h1_typography-font-weight); letter-spacing: var(--h1_typography-letter-spacing);\">DocuCare<\/span><span style=\"background-color: rgba(255, 255, 255, 0); color: var(--h1_typography-color); font-family: var(--h1_typography-font-family); font-size: var(--h1_typography-font-size); font-style: var(--h1_typography-font-style,normal); letter-spacing: var(--h1_typography-letter-spacing);\">\u2120<\/span><\/h3><\/h1><div class=\"title-sep-container title-sep-container-right\"><div class=\"title-sep sep-\" style=\"border-color:#e2e2e2;\"><\/div><\/div><\/div><div class=\"fusion-text fusion-text-1\"><p>El servicio LegacyWise DocuCare\u2120 organiza, cuida y protege sus documentos patrimoniales. Ofrece acceso las 24 horas del d\u00eda, los 7 d\u00edas de la semana a sus documentos a trav\u00e9s de nuestro almacenamiento seguro en la nube DocuCare. Es importante destacar que se pueden realizar actualizaciones de documentos de por vida sin costo adicional.<\/p>\n<p>DocuCare resuelve los problemas que enfrentan las familias cuando los documentos se guardan en cajas de seguridad de los bancos o en lugares ocultos a los que no se puede acceder f\u00e1cilmente cuando m\u00e1s se necesitan. El costo de DocuCare es menor que el que normalmente se cobra incluso por la caja de seguridad m\u00e1s peque\u00f1a, pero cubre muchos servicios adem\u00e1s del almacenamiento.<\/p>\n<\/div><\/div><\/div><style type=\"text\/css\">.fusion-body .fusion-builder-column-0{width:100% !important;margin-top : 0px;margin-bottom : 0px;}.fusion-builder-column-0 > .fusion-column-wrapper {padding-top : 0px !important;padding-right : 0px !important;margin-right : 1.92%;padding-bottom : 0px !important;padding-left : 0px !important;margin-left : 1.92%;}@media only screen and (max-width:1024px) {.fusion-body .fusion-builder-column-0{width:100% !important;order : 0;}.fusion-builder-column-0 > .fusion-column-wrapper {margin-right : 1.92%;margin-left : 1.92%;}}@media only screen and (max-width:640px) {.fusion-body .fusion-builder-column-0{width:100% !important;order : 0;}.fusion-builder-column-0 > .fusion-column-wrapper {margin-right : 1.92%;margin-left : 1.92%;}}<\/style><\/div><style type=\"text\/css\">.fusion-body .fusion-flex-container.fusion-builder-row-1{ padding-top : 0px;margin-top : 0px;padding-right : 0px;padding-bottom : 0px;margin-bottom : 0px;padding-left : 0px;}<\/style><\/div><div class=\"fusion-fullwidth fullwidth-box fusion-builder-row-2 fusion-flex-container nonhundred-percent-fullwidth non-hundred-percent-height-scrolling\" style=\"background-color: rgba(255,255,255,0);background-position: center center;background-repeat: no-repeat;border-width: 0px 0px 0px 0px;border-color:#eae9e9;border-style:solid;\" ><div class=\"fusion-builder-row fusion-row fusion-flex-align-items-flex-start\" style=\"max-width:1144px;margin-left: calc(-4% \/ 2 );margin-right: calc(-4% \/ 2 );\"><div class=\"fusion-layout-column fusion_builder_column fusion-builder-column-1 fusion_builder_column_3_5 3_5 fusion-flex-column\"><div class=\"fusion-column-wrapper fusion-flex-justify-content-flex-start fusion-content-layout-column\" style=\"background-position:left top;background-repeat:no-repeat;-webkit-background-size:cover;-moz-background-size:cover;-o-background-size:cover;background-size:cover;padding: 0px 0px 0px 0px;\"><div class=\"fusion-text fusion-text-2\" style=\"text-align:left;\"><h4 class=\"fusion-responsive-typography-calculated\" style=\"--fontsize: 14; line-height: 1.87; --minfontsize: 14;\" data-fontsize=\"14\" data-lineheight=\"26.18px\"><b style=\"margin-bottom: 0px !important; font-size: 19px;\" data-fusion-font=\"true\">Con DocuCare\u2120:<\/b><\/h4>\n<h3 class=\"fusion-responsive-typography-calculated\" style=\"--fontsize: 28; line-height: 1.2; margin-top: 0px !important; margin-bottom: 1rem !important;\" data-fontsize=\"28\" data-lineheight=\"33.6px\"><b><img decoding=\"async\" class=\"wp-image-5775 alignleft\" src=\"https:\/\/www.legacywise.org\/wp-content\/uploads\/2023\/06\/docucare_clock_time_icon.png\" alt=\"\" width=\"30\" height=\"30\" srcset=\"https:\/\/www.legacywise.org\/wp-content\/uploads\/2023\/06\/docucare_clock_time_icon-66x66.png 66w, https:\/\/www.legacywise.org\/wp-content\/uploads\/2023\/06\/docucare_clock_time_icon.png 81w\" sizes=\"(max-width: 30px) 100vw, 30px\" \/>El tiempo est\u00e1 de tu lado.<\/b><\/h3>\n<p>El f\u00e1cil acceso de DocuCare le permite revisar o descargar sus documentos en cualquier momento. Si lo desea, tambi\u00e9n puede compartir el acceso a sus documentos con otras personas.<\/p>\n<h3 class=\"fusion-responsive-typography-calculated\" style=\"--fontsize: 28; line-height: 1.2; margin-bottom: 1rem !important;\" data-fontsize=\"28\" data-lineheight=\"33.6px\"><strong><img decoding=\"async\" class=\"wp-image-5778 alignleft\" src=\"https:\/\/www.legacywise.org\/wp-content\/uploads\/2023\/06\/docucare_security_icon.png\" alt=\"\" width=\"30\" height=\"30\" srcset=\"https:\/\/www.legacywise.org\/wp-content\/uploads\/2023\/06\/docucare_security_icon-66x66.png 66w, https:\/\/www.legacywise.org\/wp-content\/uploads\/2023\/06\/docucare_security_icon.png 82w\" sizes=\"(max-width: 30px) 100vw, 30px\" \/>Tu seguridad en mente.<\/strong><\/h3>\n<p>Sus documentos completos se convertir\u00e1n de copias f\u00edsicas a copias electr\u00f3nicas y estar\u00e1n disponibles en l\u00ednea las 24 horas, los 7 d\u00edas de la semana. Puede acceder a ellos con su cuenta LegacyWise protegida con contrase\u00f1a. Los documentos originales se almacenan en nuestras instalaciones seguras.<\/p>\n<h3 class=\"fusion-responsive-typography-calculated\" style=\"--fontsize: 28; line-height: 1.2; margin-bottom: 1rem !important;\" data-fontsize=\"28\" data-lineheight=\"33.6px\"><strong><img decoding=\"async\" class=\"wp-image-5777 alignleft\" src=\"https:\/\/www.legacywise.org\/wp-content\/uploads\/2023\/06\/docucare_lifetime_icon.png\" alt=\"\" width=\"30\" height=\"30\" srcset=\"https:\/\/www.legacywise.org\/wp-content\/uploads\/2023\/06\/docucare_lifetime_icon-66x66.png 66w, https:\/\/www.legacywise.org\/wp-content\/uploads\/2023\/06\/docucare_lifetime_icon.png 78w\" sizes=\"(max-width: 30px) 100vw, 30px\" \/>Puede realizar actualizaciones de por vida sin costo adicional.<\/strong><\/h3>\n<p>\u00bfNecesita agregar un beneficiario o cambiar un poder? DocuCare le permite realizar cambios en sus documentos en cualquier momento, hasta por 100 a\u00f1os.<\/p>\n<h3 class=\"fusion-responsive-typography-calculated\" style=\"--fontsize: 28; line-height: 1.2; margin-bottom: 1rem !important;\" data-fontsize=\"28\" data-lineheight=\"33.6px\"><strong><img decoding=\"async\" class=\"wp-image-5776 alignleft\" src=\"https:\/\/www.legacywise.org\/wp-content\/uploads\/2023\/06\/docucare_convenient_icon.png\" alt=\"\" width=\"30\" height=\"30\" srcset=\"https:\/\/www.legacywise.org\/wp-content\/uploads\/2023\/06\/docucare_convenient_icon-66x66.png 66w, https:\/\/www.legacywise.org\/wp-content\/uploads\/2023\/06\/docucare_convenient_icon.png 81w\" sizes=\"(max-width: 30px) 100vw, 30px\" \/>Tu comodidad es primordial.<\/strong><\/h3>\n<p>Se le proporcionar\u00e1 una etiqueta de env\u00edo prepaga de UPS para que pueda enviarnos sus documentos despu\u00e9s de firmarlos y certificarlos ante notario. Si lo solicita, DocuCare tambi\u00e9n cubre el env\u00edo por correo de poderes legales financieros o de atenci\u00f3n m\u00e9dica, a cualquier lugar de EE. UU., sin costo adicional.<\/p>\n<h3 class=\"fusion-responsive-typography-calculated\" style=\"--fontsize: 28; line-height: 1.2; margin-bottom: 1rem !important;\" data-fontsize=\"28\" data-lineheight=\"33.6px\"><strong><img decoding=\"async\" class=\"wp-image-5779 alignleft\" src=\"https:\/\/www.legacywise.org\/wp-content\/uploads\/2023\/06\/docucare_simple_icon.png\" alt=\"\" width=\"30\" height=\"30\" srcset=\"https:\/\/www.legacywise.org\/wp-content\/uploads\/2023\/06\/docucare_simple_icon-66x66.png 66w, https:\/\/www.legacywise.org\/wp-content\/uploads\/2023\/06\/docucare_simple_icon.png 78w\" sizes=\"(max-width: 30px) 100vw, 30px\" \/>La inscripci\u00f3n es sencilla.<\/strong><\/h3>\n<p>Pague una tarifa \u00fanica de <strong>$139<\/strong> para abrir la cuenta DocuCare.<strong> $39<\/strong> luego vence en cada aniversario hasta que se cierre la cuenta. Esta tarifa cubre el costo de enviarnos los documentos y devolverlos cuando se cierre su cuenta. Tambi\u00e9n nos conviene escanearlos y archivarlos por usted.<\/p>\n<h3 class=\"fusion-responsive-typography-calculated\" style=\"--fontsize: 28; line-height: 1.2; margin-bottom: 1rem !important;\" data-fontsize=\"28\" data-lineheight=\"33.6px\"><b><img decoding=\"async\" class=\"wp-image-5794 alignleft\" src=\"https:\/\/www.legacywise.org\/wp-content\/uploads\/2023\/06\/docucare_additional_icon.png\" alt=\"\" width=\"30\" height=\"30\" srcset=\"https:\/\/www.legacywise.org\/wp-content\/uploads\/2023\/06\/docucare_additional_icon-66x66.png 66w, https:\/\/www.legacywise.org\/wp-content\/uploads\/2023\/06\/docucare_additional_icon.png 81w\" sizes=\"(max-width: 30px) 100vw, 30px\" \/>Servicios adicionales est\u00e1n disponibles.<\/b><\/h3>\n<p>DocuCare le permite solicitar copias impresas de su documento a un costo modesto y recibirlas en cualquier lugar que solicite.<\/p>\n<\/div><\/div><\/div><style type=\"text\/css\">.fusion-body .fusion-builder-column-1{width:60% !important;margin-top : 0px;margin-bottom : 20px;}.fusion-builder-column-1 > .fusion-column-wrapper {padding-top : 0px !important;padding-right : 0px !important;margin-right : 3.2%;padding-bottom : 0px !important;padding-left : 0px !important;margin-left : 3.2%;}@media only screen and (max-width:1024px) {.fusion-body .fusion-builder-column-1{width:100% !important;order : 0;}.fusion-builder-column-1 > .fusion-column-wrapper {margin-right : 1.92%;margin-left : 1.92%;}}@media only screen and (max-width:640px) {.fusion-body .fusion-builder-column-1{width:100% !important;order : 0;}.fusion-builder-column-1 > .fusion-column-wrapper {margin-right : 1.92%;margin-left : 1.92%;}}<\/style><div class=\"fusion-layout-column fusion_builder_column fusion-builder-column-2 fusion_builder_column_2_5 2_5 fusion-flex-column fusion-flex-align-self-flex-start\"><div class=\"fusion-column-wrapper fusion-flex-justify-content-flex-end fusion-content-layout-column\" style=\"background-position:left top;background-repeat:no-repeat;-webkit-background-size:cover;-moz-background-size:cover;-o-background-size:cover;background-size:cover;padding: 0px 0px 0px 0px;\"><div ><span class=\"fusion-imageframe imageframe-none imageframe-1 hover-type-none\"><img decoding=\"async\" width=\"900\" height=\"700\" title=\"docucare_vault\" src=\"https:\/\/www.legacywise.org\/wp-content\/uploads\/2023\/06\/docucare_vault.png\" class=\"img-responsive wp-image-5780\" srcset=\"https:\/\/www.legacywise.org\/wp-content\/uploads\/2023\/06\/docucare_vault-200x156.png 200w, https:\/\/www.legacywise.org\/wp-content\/uploads\/2023\/06\/docucare_vault-400x311.png 400w, https:\/\/www.legacywise.org\/wp-content\/uploads\/2023\/06\/docucare_vault-600x467.png 600w, https:\/\/www.legacywise.org\/wp-content\/uploads\/2023\/06\/docucare_vault-800x622.png 800w, https:\/\/www.legacywise.org\/wp-content\/uploads\/2023\/06\/docucare_vault.png 900w\" sizes=\"(max-width: 1024px) 100vw, (max-width: 640px) 100vw, 600px\" \/><\/span><\/div><\/div><\/div><style type=\"text\/css\">.fusion-body .fusion-builder-column-2{width:40% !important;margin-top : 2rem;margin-bottom : 20px;}.fusion-builder-column-2 > .fusion-column-wrapper {padding-top : 0px !important;padding-right : 0px !important;margin-right : 4.8%;padding-bottom : 0px !important;padding-left : 0px !important;margin-left : 4.8%;}@media only screen and (max-width:1024px) {.fusion-body .fusion-builder-column-2{width:100% !important;order : 0;}.fusion-builder-column-2 > .fusion-column-wrapper {margin-right : 1.92%;margin-left : 1.92%;}}@media only screen and (max-width:640px) {.fusion-body .fusion-builder-column-2{width:100% !important;order : 0;}.fusion-builder-column-2 > .fusion-column-wrapper {margin-right : 1.92%;margin-left : 1.92%;}}<\/style><\/div><style type=\"text\/css\">.fusion-body .fusion-flex-container.fusion-builder-row-2{ padding-top : 0px;margin-top : 0px;padding-right : 0px;padding-bottom : 0px;margin-bottom : 0px;padding-left : 0px;}<\/style><\/div><\/p>","protected":false},"excerpt":{"rendered":"","protected":false},"author":13,"featured_media":0,"parent":0,"menu_order":0,"comment_status":"closed","ping_status":"closed","template":"","meta":{"_monsterinsights_skip_tracking":false,"_monsterinsights_sitenote_active":false,"_monsterinsights_sitenote_note":"","_monsterinsights_sitenote_category":0,"_uf_show_specific_survey":0,"_uf_disable_surveys":false,"spay_email":""},"yoast_head":"<!-- This site is optimized with the Yoast SEO plugin v19.0 - https:\/\/yoast.com\/wordpress\/plugins\/seo\/ -->\n<title>DocuCare - LegacyWise<\/title>\n<meta name=\"robots\" content=\"index, follow, max-snippet:-1, max-image-preview:large, max-video-preview:-1\" \/>\n<link rel=\"canonical\" href=\"https:\/\/www.legacywise.org\/es\/docucare\/\" \/>\n<meta property=\"og:locale\" content=\"es_ES\" \/>\n<meta property=\"og:type\" content=\"article\" \/>\n<meta property=\"og:title\" content=\"DocuCare - LegacyWise\" \/>\n<meta property=\"og:url\" content=\"https:\/\/www.legacywise.org\/es\/docucare\/\" \/>\n<meta property=\"og:site_name\" content=\"LegacyWise\" \/>\n<meta property=\"article:modified_time\" content=\"2025-08-29T18:57:21+00:00\" \/>\n<meta property=\"og:image\" content=\"https:\/\/www.legacywise.org\/wp-content\/uploads\/2023\/06\/docucare_clock_time_icon.png\" \/>\n<meta name=\"twitter:card\" content=\"summary_large_image\" \/>\n<meta name=\"twitter:label1\" content=\"Tiempo de lectura\" \/>\n\t<meta name=\"twitter:data1\" content=\"6 minutos\" \/>\n<script type=\"application\/ld+json\" class=\"yoast-schema-graph\">{\"@context\":\"https:\/\/schema.org\",\"@graph\":[{\"@type\":\"Organization\",\"@id\":\"https:\/\/www.legacywise.org\/#organization\",\"name\":\"LegacyWise\",\"url\":\"https:\/\/www.legacywise.org\/\",\"sameAs\":[],\"logo\":{\"@type\":\"ImageObject\",\"inLanguage\":\"es\",\"@id\":\"https:\/\/www.legacywise.org\/#\/schema\/logo\/image\/\",\"url\":\"https:\/\/legacywise.org\/wp-content\/uploads\/2021\/11\/LW-Logo-NonRetinaV1.png\",\"contentUrl\":\"https:\/\/legacywise.org\/wp-content\/uploads\/2021\/11\/LW-Logo-NonRetinaV1.png\",\"width\":347,\"height\":93,\"caption\":\"LegacyWise\"},\"image\":{\"@id\":\"https:\/\/www.legacywise.org\/#\/schema\/logo\/image\/\"}},{\"@type\":\"WebSite\",\"@id\":\"https:\/\/www.legacywise.org\/#website\",\"url\":\"https:\/\/www.legacywise.org\/\",\"name\":\"LegacyWise\",\"description\":\"Done In A Day!\",\"publisher\":{\"@id\":\"https:\/\/www.legacywise.org\/#organization\"},\"potentialAction\":[{\"@type\":\"SearchAction\",\"target\":{\"@type\":\"EntryPoint\",\"urlTemplate\":\"https:\/\/www.legacywise.org\/?s={search_term_string}\"},\"query-input\":\"required name=search_term_string\"}],\"inLanguage\":\"es\"},{\"@type\":\"ImageObject\",\"inLanguage\":\"es\",\"@id\":\"https:\/\/www.legacywise.org\/docucare\/#primaryimage\",\"url\":\"https:\/\/www.legacywise.org\/wp-content\/uploads\/2023\/06\/docucare_clock_time_icon.png\",\"contentUrl\":\"https:\/\/www.legacywise.org\/wp-content\/uploads\/2023\/06\/docucare_clock_time_icon.png\",\"width\":81,\"height\":81},{\"@type\":\"WebPage\",\"@id\":\"https:\/\/www.legacywise.org\/docucare\/#webpage\",\"url\":\"https:\/\/www.legacywise.org\/docucare\/\",\"name\":\"DocuCare - LegacyWise\",\"isPartOf\":{\"@id\":\"https:\/\/www.legacywise.org\/#website\"},\"primaryImageOfPage\":{\"@id\":\"https:\/\/www.legacywise.org\/docucare\/#primaryimage\"},\"datePublished\":\"2023-06-28T14:31:51+00:00\",\"dateModified\":\"2025-08-29T18:57:21+00:00\",\"breadcrumb\":{\"@id\":\"https:\/\/www.legacywise.org\/docucare\/#breadcrumb\"},\"inLanguage\":\"es\",\"potentialAction\":[{\"@type\":\"ReadAction\",\"target\":[\"https:\/\/www.legacywise.org\/docucare\/\"]}]},{\"@type\":\"BreadcrumbList\",\"@id\":\"https:\/\/www.legacywise.org\/docucare\/#breadcrumb\",\"itemListElement\":[{\"@type\":\"ListItem\",\"position\":1,\"name\":\"Home\",\"item\":\"https:\/\/www.legacywise.org\/\"},{\"@type\":\"ListItem\",\"position\":2,\"name\":\"DocuCare\"}]}]}<\/script>\n<!-- \/ Yoast SEO plugin. -->","yoast_head_json":{"title":"DocuCare - LegacyWise","robots":{"index":"index","follow":"follow","max-snippet":"max-snippet:-1","max-image-preview":"max-image-preview:large","max-video-preview":"max-video-preview:-1"},"canonical":"https:\/\/www.legacywise.org\/es\/docucare\/","og_locale":"es_ES","og_type":"article","og_title":"DocuCare - LegacyWise","og_url":"https:\/\/www.legacywise.org\/es\/docucare\/","og_site_name":"LegacyWise","article_modified_time":"2025-08-29T18:57:21+00:00","og_image":[{"url":"https:\/\/www.legacywise.org\/wp-content\/uploads\/2023\/06\/docucare_clock_time_icon.png"}],"twitter_card":"summary_large_image","twitter_misc":{"Tiempo de lectura":"6 minutos"},"schema":{"@context":"https:\/\/schema.org","@graph":[{"@type":"Organization","@id":"https:\/\/www.legacywise.org\/#organization","name":"LegacyWise","url":"https:\/\/www.legacywise.org\/","sameAs":[],"logo":{"@type":"ImageObject","inLanguage":"es","@id":"https:\/\/www.legacywise.org\/#\/schema\/logo\/image\/","url":"https:\/\/legacywise.org\/wp-content\/uploads\/2021\/11\/LW-Logo-NonRetinaV1.png","contentUrl":"https:\/\/legacywise.org\/wp-content\/uploads\/2021\/11\/LW-Logo-NonRetinaV1.png","width":347,"height":93,"caption":"LegacyWise"},"image":{"@id":"https:\/\/www.legacywise.org\/#\/schema\/logo\/image\/"}},{"@type":"WebSite","@id":"https:\/\/www.legacywise.org\/#website","url":"https:\/\/www.legacywise.org\/","name":"LegacyWise","description":"Done In A Day!","publisher":{"@id":"https:\/\/www.legacywise.org\/#organization"},"potentialAction":[{"@type":"SearchAction","target":{"@type":"EntryPoint","urlTemplate":"https:\/\/www.legacywise.org\/?s={search_term_string}"},"query-input":"required name=search_term_string"}],"inLanguage":"es"},{"@type":"ImageObject","inLanguage":"es","@id":"https:\/\/www.legacywise.org\/docucare\/#primaryimage","url":"https:\/\/www.legacywise.org\/wp-content\/uploads\/2023\/06\/docucare_clock_time_icon.png","contentUrl":"https:\/\/www.legacywise.org\/wp-content\/uploads\/2023\/06\/docucare_clock_time_icon.png","width":81,"height":81},{"@type":"WebPage","@id":"https:\/\/www.legacywise.org\/docucare\/#webpage","url":"https:\/\/www.legacywise.org\/docucare\/","name":"DocuCare - LegacyWise","isPartOf":{"@id":"https:\/\/www.legacywise.org\/#website"},"primaryImageOfPage":{"@id":"https:\/\/www.legacywise.org\/docucare\/#primaryimage"},"datePublished":"2023-06-28T14:31:51+00:00","dateModified":"2025-08-29T18:57:21+00:00","breadcrumb":{"@id":"https:\/\/www.legacywise.org\/docucare\/#breadcrumb"},"inLanguage":"es","potentialAction":[{"@type":"ReadAction","target":["https:\/\/www.legacywise.org\/docucare\/"]}]},{"@type":"BreadcrumbList","@id":"https:\/\/www.legacywise.org\/docucare\/#breadcrumb","itemListElement":[{"@type":"ListItem","position":1,"name":"Home","item":"https:\/\/www.legacywise.org\/"},{"@type":"ListItem","position":2,"name":"DocuCare"}]}]}},"jetpack_sharing_enabled":true,"_links":{"self":[{"href":"https:\/\/www.legacywise.org\/es\/wp-json\/wp\/v2\/pages\/5765"}],"collection":[{"href":"https:\/\/www.legacywise.org\/es\/wp-json\/wp\/v2\/pages"}],"about":[{"href":"https:\/\/www.legacywise.org\/es\/wp-json\/wp\/v2\/types\/page"}],"author":[{"embeddable":true,"href":"https:\/\/www.legacywise.org\/es\/wp-json\/wp\/v2\/users\/13"}],"replies":[{"embeddable":true,"href":"https:\/\/www.legacywise.org\/es\/wp-json\/wp\/v2\/comments?post=5765"}],"version-history":[{"count":11,"href":"https:\/\/www.legacywise.org\/es\/wp-json\/wp\/v2\/pages\/5765\/revisions"}],"predecessor-version":[{"id":6169,"href":"https:\/\/www.legacywise.org\/es\/wp-json\/wp\/v2\/pages\/5765\/revisions\/6169"}],"wp:attachment":[{"href":"https:\/\/www.legacywise.org\/es\/wp-json\/wp\/v2\/media?parent=5765"}],"curies":[{"name":"wp","href":"https:\/\/api.w.org\/{rel}","templated":true}]}}